{"id":638,"date":"2024-12-28T22:15:14","date_gmt":"2024-12-28T21:15:14","guid":{"rendered":"https:\/\/pure-cocktails.de\/?page_id=638"},"modified":"2025-01-08T21:15:20","modified_gmt":"2025-01-08T20:15:20","slug":"barcatering","status":"publish","type":"page","link":"https:\/\/pure-cocktails.de\/fr\/barcatering\/","title":{"rendered":"Service de bar"},"content":{"rendered":"<div data-elementor-type=\"wp-page\" data-elementor-id=\"638\" class=\"elementor elementor-638\">\n\t\t\t\t<div class=\"elementor-element elementor-element-lm5ofbut twbb_section e-flex e-con-boxed e-con e-parent\" data-id=\"lm5ofbut\" data-element_type=\"container\" id=\"welcome-to-pure-cocktails-barcatering\">\n\t\t\t\t\t<div class=\"e-con-inner\">\n\t\t<div class=\"elementor-element elementor-element-jq6xrpju e-con-full e-flex e-con e-child\" data-id=\"jq6xrpju\" data-element_type=\"container\">\n\t\t\t\t<div class=\"elementor-element elementor-element-iwtrthco elementor-widget__width-initial elementor-widget-mobile__width-inherit elementor-widget-tablet__width-initial twbb-headline--style-rotate elementor-widget elementor-widget-twbbanimated-headline\" data-id=\"iwtrthco\" data-element_type=\"widget\" data-settings=\"{&quot;headline_style&quot;:&quot;rotate&quot;,&quot;rotating_text&quot;:&quot;Cocktails&quot;,&quot;animation_type&quot;:&quot;swirl&quot;}\" data-widget_type=\"twbbanimated-headline.default\">\n\t\t\t\t<div class=\"elementor-widget-container\">\n\t\t\t\t\t    <h1 class=\"twbb-headline twbb-headline-animation-type-swirl twbb-headline-letters\">\n          <span class=\"twbb-headline-plain-text twbb-headline-text-wrapper\">D\u00e9couvrez nos d\u00e9licieux <\/span>\n        <span class=\"twbb-headline-dynamic-wrapper twbb-headline-text-wrapper\"><\/span>\n        <\/h1>\n    \t\t\t\t<\/div>\n\t\t\t\t<\/div>\n\t\t\t\t<div class=\"elementor-element elementor-element-vncmrsit elementor-widget__width-initial elementor-widget-mobile__width-inherit elementor-widget-tablet__width-initial elementor-invisible elementor-widget elementor-widget-text-editor\" data-id=\"vncmrsit\" data-element_type=\"widget\" data-settings=\"{&quot;_animation&quot;:&quot;fadeInUp&quot;}\" data-widget_type=\"text-editor.default\">\n\t\t\t\t<div class=\"elementor-widget-container\">\n\t\t\t\t\t\t\t\t\t<p>Depuis 20 ans, nous pr\u00e9parons des cocktails avec passion pour nos clients. Chaque fois que nos invit\u00e9s r\u00e9pondent par un \u00ab Waouh, c'est d\u00e9licieux \u00bb, nous savons pourquoi nous nous donnons tant de mal.<\/p>\t\t\t\t\t\t\t\t<\/div>\n\t\t\t\t<\/div>\n\t\t<div class=\"elementor-element elementor-element-uxzrf6t2 e-con-full e-flex e-con e-child\" data-id=\"uxzrf6t2\" data-element_type=\"container\">\n\t\t\t\t<div class=\"elementor-element elementor-element-wqg24dny elementor-align-left elementor-mobile-align-center elementor-widget elementor-widget-button\" data-id=\"wqg24dny\" data-element_type=\"widget\" data-widget_type=\"button.default\">\n\t\t\t\t<div class=\"elementor-widget-container\">\n\t\t\t\t\t\t\t\t\t<div class=\"elementor-button-wrapper\">\n\t\t\t\t\t<a class=\"elementor-button elementor-button-link elementor-size-sm\" href=\"https:\/\/pure-cocktails.de\/fr\/kontakt\/\" target=\"_blank\">\n\t\t\t\t\t\t<span class=\"elementor-button-content-wrapper\">\n\t\t\t\t\t\t\t\t\t<span class=\"elementor-button-text\">Demandez d\u00e8s maintenant !<\/span>\n\t\t\t\t\t<\/span>\n\t\t\t\t\t<\/a>\n\t\t\t\t<\/div>\n\t\t\t\t\t\t\t\t<\/div>\n\t\t\t\t<\/div>\n\t\t\t\t<\/div>\n\t\t\t\t<\/div>\n\t\t\t\t<div class=\"elementor-element elementor-element-f5aml315 elementor-widget__width-initial elementor-widget-mobile__width-inherit elementor-widget-tablet__width-initial elementor-widget elementor-widget-image\" data-id=\"f5aml315\" data-element_type=\"widget\" data-widget_type=\"image.default\">\n\t\t\t\t<div class=\"elementor-widget-container\">\n\t\t\t\t\t\t\t\t\t\t\t\t\t\t\t<img fetchpriority=\"high\" decoding=\"async\" width=\"1600\" height=\"1063\" src=\"https:\/\/pure-cocktails.de\/wp-content\/uploads\/2024\/12\/2017-02-13-PHOTO-00000930.jpg\" class=\"attachment-full size-full wp-image-291\" alt=\"Cocktailcatering, mobile Bar mieten\" srcset=\"https:\/\/pure-cocktails.de\/wp-content\/uploads\/2024\/12\/2017-02-13-PHOTO-00000930.jpg 1600w, https:\/\/pure-cocktails.de\/wp-content\/uploads\/2024\/12\/2017-02-13-PHOTO-00000930-300x199.jpg 300w, https:\/\/pure-cocktails.de\/wp-content\/uploads\/2024\/12\/2017-02-13-PHOTO-00000930-1024x680.jpg 1024w, https:\/\/pure-cocktails.de\/wp-content\/uploads\/2024\/12\/2017-02-13-PHOTO-00000930-768x510.jpg 768w, https:\/\/pure-cocktails.de\/wp-content\/uploads\/2024\/12\/2017-02-13-PHOTO-00000930-1536x1020.jpg 1536w, https:\/\/pure-cocktails.de\/wp-content\/uploads\/2024\/12\/2017-02-13-PHOTO-00000930-600x399.jpg 600w\" sizes=\"(max-width: 1600px) 100vw, 1600px\" \/>\t\t\t\t\t\t\t\t\t\t\t\t\t\t\t<\/div>\n\t\t\t\t<\/div>\n\t\t\t\t\t<\/div>\n\t\t\t\t<\/div>\n\t\t<div class=\"elementor-element elementor-element-4bcbbe9 twbb_section e-flex e-con-boxed e-con e-parent\" data-id=\"4bcbbe9\" data-element_type=\"container\">\n\t\t\t\t\t<div class=\"e-con-inner\">\n\t\t<div class=\"elementor-element elementor-element-61ce768 e-con-full e-flex e-con e-child\" data-id=\"61ce768\" data-element_type=\"container\">\n\t\t\t\t<div class=\"elementor-element elementor-element-de29ffe elementor-widget__width-initial elementor-widget-mobile__width-inherit elementor-widget-tablet__width-initial twbb-headline--style-rotate elementor-widget elementor-widget-twbbanimated-headline\" data-id=\"de29ffe\" data-element_type=\"widget\" data-settings=\"{&quot;headline_style&quot;:&quot;rotate&quot;,&quot;rotating_text&quot;:&quot;Smoothies&quot;,&quot;animation_type&quot;:&quot;swirl&quot;}\" data-widget_type=\"twbbanimated-headline.default\">\n\t\t\t\t<div class=\"elementor-widget-container\">\n\t\t\t\t\t    <h1 class=\"twbb-headline twbb-headline-animation-type-swirl twbb-headline-letters\">\n          <span class=\"twbb-headline-plain-text twbb-headline-text-wrapper\">D\u00e9couvrez nos d\u00e9licieux <\/span>\n        <span class=\"twbb-headline-dynamic-wrapper twbb-headline-text-wrapper\"><\/span>\n        <\/h1>\n    \t\t\t\t<\/div>\n\t\t\t\t<\/div>\n\t\t\t\t<div class=\"elementor-element elementor-element-b7ba201 elementor-widget__width-initial elementor-widget-mobile__width-inherit elementor-widget-tablet__width-initial elementor-invisible elementor-widget elementor-widget-text-editor\" data-id=\"b7ba201\" data-element_type=\"widget\" data-settings=\"{&quot;_animation&quot;:&quot;fadeInUp&quot;}\" data-widget_type=\"text-editor.default\">\n\t\t\t\t<div class=\"elementor-widget-container\">\n\t\t\t\t\t\t\t\t\t<p class=\"p1\">Nos smoothies \u00e0 base de fruits et l\u00e9gumes frais sont de v\u00e9ritables bombes de vitamines.<\/p><p class=\"p1\">Ils sont pr\u00e9par\u00e9s frais sur place pour vous et ne n\u00e9cessitent aucun autre ajout. Offrez par exemple \u00e0 vos clients un coup de boost \u00e9nerg\u00e9tique lors d'un salon, ou proposez \u00e0 vos employ\u00e9s, lors d'une journ\u00e9e de la sant\u00e9, des alternatives saines pour le quotidien.<\/p>\t\t\t\t\t\t\t\t<\/div>\n\t\t\t\t<\/div>\n\t\t<div class=\"elementor-element elementor-element-50d1bc7 e-con-full e-flex e-con e-child\" data-id=\"50d1bc7\" data-element_type=\"container\">\n\t\t\t\t<div class=\"elementor-element elementor-element-576b896 elementor-align-left elementor-mobile-align-center elementor-widget elementor-widget-button\" data-id=\"576b896\" data-element_type=\"widget\" data-widget_type=\"button.default\">\n\t\t\t\t<div class=\"elementor-widget-container\">\n\t\t\t\t\t\t\t\t\t<div class=\"elementor-button-wrapper\">\n\t\t\t\t\t<a class=\"elementor-button elementor-button-link elementor-size-sm\" href=\"https:\/\/pure-cocktails.de\/fr\/kontakt\/\" target=\"_blank\">\n\t\t\t\t\t\t<span class=\"elementor-button-content-wrapper\">\n\t\t\t\t\t\t\t\t\t<span class=\"elementor-button-text\">Demandez d\u00e8s maintenant !<\/span>\n\t\t\t\t\t<\/span>\n\t\t\t\t\t<\/a>\n\t\t\t\t<\/div>\n\t\t\t\t\t\t\t\t<\/div>\n\t\t\t\t<\/div>\n\t\t\t\t<\/div>\n\t\t\t\t<\/div>\n\t\t\t\t<div class=\"elementor-element elementor-element-52e540a elementor-widget__width-initial elementor-widget-mobile__width-inherit elementor-widget-tablet__width-initial elementor-widget elementor-widget-image\" data-id=\"52e540a\" data-element_type=\"widget\" data-widget_type=\"image.default\">\n\t\t\t\t<div class=\"elementor-widget-container\">\n\t\t\t\t\t\t\t\t\t\t\t\t\t\t\t<img decoding=\"async\" width=\"569\" height=\"427\" src=\"https:\/\/pure-cocktails.de\/wp-content\/uploads\/2024\/12\/mobile-Smoothiebar-Smoothiebar-mieten-smoothie-catering.jpg\" class=\"attachment-full size-full wp-image-505\" alt=\"mobile Smoothiebar, Smoothiebar Catering\" srcset=\"https:\/\/pure-cocktails.de\/wp-content\/uploads\/2024\/12\/mobile-Smoothiebar-Smoothiebar-mieten-smoothie-catering.jpg 569w, https:\/\/pure-cocktails.de\/wp-content\/uploads\/2024\/12\/mobile-Smoothiebar-Smoothiebar-mieten-smoothie-catering-300x225.jpg 300w\" sizes=\"(max-width: 569px) 100vw, 569px\" \/>\t\t\t\t\t\t\t\t\t\t\t\t\t\t\t<\/div>\n\t\t\t\t<\/div>\n\t\t\t\t\t<\/div>\n\t\t\t\t<\/div>\n\t\t<div class=\"elementor-element elementor-element-eae80d0 twbb_section e-flex e-con-boxed e-con e-parent\" data-id=\"eae80d0\" data-element_type=\"container\">\n\t\t\t\t\t<div class=\"e-con-inner\">\n\t\t<div class=\"elementor-element elementor-element-b745bcb e-con-full e-flex e-con e-child\" data-id=\"b745bcb\" data-element_type=\"container\">\n\t\t\t\t<div class=\"elementor-element elementor-element-4fe4642 elementor-widget__width-initial elementor-widget-mobile__width-inherit elementor-widget-tablet__width-initial twbb-headline--style-rotate elementor-widget elementor-widget-twbbanimated-headline\" data-id=\"4fe4642\" data-element_type=\"widget\" data-settings=\"{&quot;headline_style&quot;:&quot;rotate&quot;,&quot;rotating_text&quot;:&quot;Eistees und Limonaden&quot;,&quot;animation_type&quot;:&quot;drop-in&quot;}\" data-widget_type=\"twbbanimated-headline.default\">\n\t\t\t\t<div class=\"elementor-widget-container\">\n\t\t\t\t\t    <h1 class=\"twbb-headline twbb-headline-animation-type-drop-in\">\n          <span class=\"twbb-headline-plain-text twbb-headline-text-wrapper\">D\u00e9couvrez nos d\u00e9licieux produits faits maison<\/span>\n        <span class=\"twbb-headline-dynamic-wrapper twbb-headline-text-wrapper\"><\/span>\n        <\/h1>\n    \t\t\t\t<\/div>\n\t\t\t\t<\/div>\n\t\t\t\t<div class=\"elementor-element elementor-element-b2e9a09 elementor-widget__width-initial elementor-widget-mobile__width-inherit elementor-widget-tablet__width-initial elementor-invisible elementor-widget elementor-widget-text-editor\" data-id=\"b2e9a09\" data-element_type=\"widget\" data-settings=\"{&quot;_animation&quot;:&quot;fadeInUp&quot;}\" data-widget_type=\"text-editor.default\">\n\t\t\t\t<div class=\"elementor-widget-container\">\n\t\t\t\t\t\t\t\t\t<p class=\"p1\">Nos th\u00e9s glac\u00e9s et limonades faits maison sont pr\u00e9par\u00e9s \u00e0 partir des meilleurs ingr\u00e9dients, frais pour vous. Offrez \u00e0 vos invit\u00e9s une boisson saine et d\u00e9licieuse, quelle que soit la saison. En hiver, nous vous proposons \u00e9galement nos limonades en version chaude.<\/p>\t\t\t\t\t\t\t\t<\/div>\n\t\t\t\t<\/div>\n\t\t<div class=\"elementor-element elementor-element-207b77b e-con-full e-flex e-con e-child\" data-id=\"207b77b\" data-element_type=\"container\">\n\t\t\t\t<div class=\"elementor-element elementor-element-ca9562b elementor-align-left elementor-mobile-align-center elementor-widget elementor-widget-button\" data-id=\"ca9562b\" data-element_type=\"widget\" data-widget_type=\"button.default\">\n\t\t\t\t<div class=\"elementor-widget-container\">\n\t\t\t\t\t\t\t\t\t<div class=\"elementor-button-wrapper\">\n\t\t\t\t\t<a class=\"elementor-button elementor-button-link elementor-size-sm\" href=\"https:\/\/pure-cocktails.de\/fr\/kontakt\/\" target=\"_blank\">\n\t\t\t\t\t\t<span class=\"elementor-button-content-wrapper\">\n\t\t\t\t\t\t\t\t\t<span class=\"elementor-button-text\">Demandez d\u00e8s maintenant !<\/span>\n\t\t\t\t\t<\/span>\n\t\t\t\t\t<\/a>\n\t\t\t\t<\/div>\n\t\t\t\t\t\t\t\t<\/div>\n\t\t\t\t<\/div>\n\t\t\t\t<\/div>\n\t\t\t\t<\/div>\n\t\t\t\t<div class=\"elementor-element elementor-element-b763eeb elementor-widget__width-initial elementor-widget-mobile__width-inherit elementor-widget-tablet__width-initial elementor-widget elementor-widget-image\" data-id=\"b763eeb\" data-element_type=\"widget\" data-widget_type=\"image.default\">\n\t\t\t\t<div class=\"elementor-widget-container\">\n\t\t\t\t\t\t\t\t\t\t\t\t\t\t\t<img decoding=\"async\" width=\"2560\" height=\"1920\" src=\"https:\/\/pure-cocktails.de\/wp-content\/uploads\/2024\/12\/Eistee-Bar-scaled.jpg\" class=\"attachment-full size-full wp-image-658\" alt=\"\" srcset=\"https:\/\/pure-cocktails.de\/wp-content\/uploads\/2024\/12\/Eistee-Bar-scaled.jpg 2560w, https:\/\/pure-cocktails.de\/wp-content\/uploads\/2024\/12\/Eistee-Bar-300x225.jpg 300w, https:\/\/pure-cocktails.de\/wp-content\/uploads\/2024\/12\/Eistee-Bar-1024x768.jpg 1024w, https:\/\/pure-cocktails.de\/wp-content\/uploads\/2024\/12\/Eistee-Bar-768x576.jpg 768w, https:\/\/pure-cocktails.de\/wp-content\/uploads\/2024\/12\/Eistee-Bar-1536x1152.jpg 1536w, https:\/\/pure-cocktails.de\/wp-content\/uploads\/2024\/12\/Eistee-Bar-2048x1536.jpg 2048w, https:\/\/pure-cocktails.de\/wp-content\/uploads\/2024\/12\/Eistee-Bar-600x450.jpg 600w\" sizes=\"(max-width: 2560px) 100vw, 2560px\" \/>\t\t\t\t\t\t\t\t\t\t\t\t\t\t\t<\/div>\n\t\t\t\t<\/div>\n\t\t\t\t\t<\/div>\n\t\t\t\t<\/div>\n\t\t<div class=\"elementor-element elementor-element-802b974 twbb_section e-flex e-con-boxed e-con e-parent\" data-id=\"802b974\" data-element_type=\"container\">\n\t\t\t\t\t<div class=\"e-con-inner\">\n\t\t<div class=\"elementor-element elementor-element-03fc4c0 e-con-full e-flex e-con e-child\" data-id=\"03fc4c0\" data-element_type=\"container\">\n\t\t\t\t<div class=\"elementor-element elementor-element-37a39d6 elementor-widget__width-initial elementor-widget-mobile__width-inherit elementor-widget-tablet__width-initial twbb-headline--style-rotate elementor-widget elementor-widget-twbbanimated-headline\" data-id=\"37a39d6\" data-element_type=\"widget\" data-settings=\"{&quot;headline_style&quot;:&quot;rotate&quot;,&quot;rotating_text&quot;:&quot;Kaffeespezialit\\u00e4ten&quot;,&quot;animation_type&quot;:&quot;drop-in&quot;}\" data-widget_type=\"twbbanimated-headline.default\">\n\t\t\t\t<div class=\"elementor-widget-container\">\n\t\t\t\t\t    <h1 class=\"twbb-headline twbb-headline-animation-type-drop-in\">\n          <span class=\"twbb-headline-plain-text twbb-headline-text-wrapper\">D\u00e9couvrez nos d\u00e9licieux <\/span>\n        <span class=\"twbb-headline-dynamic-wrapper twbb-headline-text-wrapper\"><\/span>\n        <\/h1>\n    \t\t\t\t<\/div>\n\t\t\t\t<\/div>\n\t\t\t\t<div class=\"elementor-element elementor-element-d47777c elementor-widget__width-initial elementor-widget-mobile__width-inherit elementor-widget-tablet__width-initial elementor-invisible elementor-widget elementor-widget-text-editor\" data-id=\"d47777c\" data-element_type=\"widget\" data-settings=\"{&quot;_animation&quot;:&quot;fadeInUp&quot;}\" data-widget_type=\"text-editor.default\">\n\t\t\t\t<div class=\"elementor-widget-container\">\n\t\t\t\t\t\t\t\t\t<p>Nous vous offrons, gr\u00e2ce \u00e0 l'un des meilleurs partenaires caf\u00e9 au monde, NESPRESSO, de superbes exp\u00e9riences gustatives dans votre tasse. Du classique espresso ou caf\u00e9 crema, au cappuccino et latte macchiato, en passant par des sp\u00e9cialit\u00e9s de caf\u00e9 aromatis\u00e9es.<\/p>\t\t\t\t\t\t\t\t<\/div>\n\t\t\t\t<\/div>\n\t\t<div class=\"elementor-element elementor-element-7de7d33 e-con-full e-flex e-con e-child\" data-id=\"7de7d33\" data-element_type=\"container\">\n\t\t\t\t<div class=\"elementor-element elementor-element-8960344 elementor-align-left elementor-mobile-align-center elementor-widget elementor-widget-button\" data-id=\"8960344\" data-element_type=\"widget\" data-widget_type=\"button.default\">\n\t\t\t\t<div class=\"elementor-widget-container\">\n\t\t\t\t\t\t\t\t\t<div class=\"elementor-button-wrapper\">\n\t\t\t\t\t<a class=\"elementor-button elementor-button-link elementor-size-sm\" href=\"https:\/\/pure-cocktails.de\/fr\/kontakt\/\" target=\"_blank\">\n\t\t\t\t\t\t<span class=\"elementor-button-content-wrapper\">\n\t\t\t\t\t\t\t\t\t<span class=\"elementor-button-text\">Demandez d\u00e8s maintenant !<\/span>\n\t\t\t\t\t<\/span>\n\t\t\t\t\t<\/a>\n\t\t\t\t<\/div>\n\t\t\t\t\t\t\t\t<\/div>\n\t\t\t\t<\/div>\n\t\t\t\t<\/div>\n\t\t\t\t<\/div>\n\t\t\t\t<div class=\"elementor-element elementor-element-ac0e10b elementor-widget__width-initial elementor-widget-mobile__width-inherit elementor-widget-tablet__width-initial elementor-widget elementor-widget-image\" data-id=\"ac0e10b\" data-element_type=\"widget\" data-widget_type=\"image.default\">\n\t\t\t\t<div class=\"elementor-widget-container\">\n\t\t\t\t\t\t\t\t\t\t\t\t\t\t\t<img loading=\"lazy\" decoding=\"async\" width=\"569\" height=\"427\" src=\"https:\/\/pure-cocktails.de\/wp-content\/uploads\/2024\/12\/mobile-Kaffeebar-Nespresso-Kaffee2.jpg\" class=\"attachment-full size-full wp-image-502\" alt=\"mobile Kaffeebar Nespresso Kaffee\" srcset=\"https:\/\/pure-cocktails.de\/wp-content\/uploads\/2024\/12\/mobile-Kaffeebar-Nespresso-Kaffee2.jpg 569w, https:\/\/pure-cocktails.de\/wp-content\/uploads\/2024\/12\/mobile-Kaffeebar-Nespresso-Kaffee2-300x225.jpg 300w\" sizes=\"(max-width: 569px) 100vw, 569px\" \/>\t\t\t\t\t\t\t\t\t\t\t\t\t\t\t<\/div>\n\t\t\t\t<\/div>\n\t\t\t\t\t<\/div>\n\t\t\t\t<\/div>\n\t\t\t\t<\/div>","protected":false},"excerpt":{"rendered":"<p>D\u00e9couvrez nos d\u00e9licieux cocktails Depuis 20 ans, nous pr\u00e9parons avec enthousiasme des cocktails pour nos clients. Chaque fois que nos clients r\u00e9pondent par un \"Wow, c'est d\u00e9licieux\", nous savons pourquoi nous nous donnons tant de mal. Demandez maintenant ! D\u00e9couvrez nos d\u00e9licieux smoothies Nos smoothies \u00e0 base de fruits et de l\u00e9gumes frais sont de v\u00e9ritables bombes vitamin\u00e9es. Ils sont fra\u00eechement [...]<\/p>","protected":false},"author":3,"featured_media":0,"parent":0,"menu_order":0,"comment_status":"closed","ping_status":"closed","template":"","meta":{"footnotes":""},"class_list":["post-638","page","type-page","status-publish","hentry"],"_links":{"self":[{"href":"https:\/\/pure-cocktails.de\/fr\/wp-json\/wp\/v2\/pages\/638","targetHints":{"allow":["GET"]}}],"collection":[{"href":"https:\/\/pure-cocktails.de\/fr\/wp-json\/wp\/v2\/pages"}],"about":[{"href":"https:\/\/pure-cocktails.de\/fr\/wp-json\/wp\/v2\/types\/page"}],"author":[{"embeddable":true,"href":"https:\/\/pure-cocktails.de\/fr\/wp-json\/wp\/v2\/users\/3"}],"replies":[{"embeddable":true,"href":"https:\/\/pure-cocktails.de\/fr\/wp-json\/wp\/v2\/comments?post=638"}],"version-history":[{"count":0,"href":"https:\/\/pure-cocktails.de\/fr\/wp-json\/wp\/v2\/pages\/638\/revisions"}],"wp:attachment":[{"href":"https:\/\/pure-cocktails.de\/fr\/wp-json\/wp\/v2\/media?parent=638"}],"curies":[{"name":"wp","href":"https:\/\/api.w.org\/{rel}","templated":true}]}}