{"id":698,"date":"2024-12-29T00:16:07","date_gmt":"2024-12-28T23:16:07","guid":{"rendered":"https:\/\/pure-cocktails.de\/?page_id=698"},"modified":"2025-05-29T18:32:30","modified_gmt":"2025-05-29T17:32:30","slug":"impressum","status":"publish","type":"page","link":"https:\/\/pure-cocktails.de\/fr\/impressum\/","title":{"rendered":"Mentions l\u00e9gales"},"content":{"rendered":"<div data-elementor-type=\"wp-page\" data-elementor-id=\"698\" class=\"elementor elementor-698\">\n\t\t\t\t<div class=\"elementor-element elementor-element-2e20188 e-flex e-con-boxed e-con e-parent\" data-id=\"2e20188\" data-element_type=\"container\">\n\t\t\t\t\t<div class=\"e-con-inner\">\n\t\t\t\t<div class=\"elementor-element elementor-element-adfebc7 elementor-widget elementor-widget-shortcode\" data-id=\"adfebc7\" data-element_type=\"widget\" data-widget_type=\"shortcode.default\">\n\t\t\t\t<div class=\"elementor-widget-container\">\n\t\t\t\t\t\t\t<div class=\"elementor-shortcode\"> <script type=\"application\/javascript\"> var UC_UI_SUPPRESS_CMP_DISPLAY=true;<\/script><\/div>\n\t\t\t\t\t\t<\/div>\n\t\t\t\t<\/div>\n\t\t\t\t\t<\/div>\n\t\t\t\t<\/div>\n\t\t<div class=\"elementor-element elementor-element-cffc351 e-flex e-con-boxed e-con e-parent\" data-id=\"cffc351\" data-element_type=\"container\">\n\t\t\t\t\t<div class=\"e-con-inner\">\n\t\t\t\t<div class=\"elementor-element elementor-element-3bebee3 elementor-widget elementor-widget-shortcode\" data-id=\"3bebee3\" data-element_type=\"widget\" data-widget_type=\"shortcode.default\">\n\t\t\t\t<div class=\"elementor-widget-container\">\n\t\t\t\t\t\t\t<div class=\"elementor-shortcode\"><div style=\"word-wrap: break-word;\"><h1>Mentions l\u00e9gales<\/h1>\r\n\r\n<p>Mario Janzen<br \/>\r\nPURE Cocktails <br \/>\r\nMario Janzen<br \/>\r\nRue de la Libert\u00e9 2<br \/>\r\n66125 Sarrebruck<\/p>\r\n\r\n<h2>Contact<\/h2>\r\n<p>T\u00e9l\u00e9phone : 068979237110<br \/>\r\nFax : 068979237111<br \/>\r\nE-mail : info@pure-cocktails.de<\/p>\r\n\r\n<h2>Num\u00e9ro d'identification \u00e0 la TVA<\/h2>\r\n<p>Num\u00e9ro d'identification de la taxe sur le chiffre d'affaires conform\u00e9ment au \u00a7 27 a de la loi sur la taxe sur le chiffre d'affaires :<br \/>\r\nFR 262633914<\/p>\r\n\r\n<h2>Responsable \u00e9ditorial<\/h2>\r\n<p>Mario Janzen<\/p>\r\n\r\n<h2>R\u00e8glement des litiges en ligne de l'UE<\/h2>\r\n<p>La Commission europ\u00e9enne met \u00e0 disposition une plateforme de r\u00e8glement en ligne des litiges (RLL) : <a href=\"https:\/\/ec.europa.eu\/consumers\/odr\/\" target=\"_blank\" rel=\"noopener noreferrer\">https:\/\/ec.europa.eu\/consumers\/odr\/<\/a>.<br \/> Vous trouverez notre adresse e-mail ci-dessus dans les mentions l\u00e9gales.<\/p>\r\n\r\n<h2>R\u00e8glement des litiges de consommation\/organe universel de conciliation<\/h2>\r\n<p>Nous ne sommes ni pr\u00eats ni oblig\u00e9s de participer \u00e0 une proc\u00e9dure de r\u00e8glement des litiges devant une instance de m\u00e9diation pour les consommateurs.<\/p><\/div><\/div>\n\t\t\t\t\t\t<\/div>\n\t\t\t\t<\/div>\n\t\t\t\t\t<\/div>\n\t\t\t\t<\/div>\n\t\t\t\t<\/div>","protected":false},"excerpt":{"rendered":"","protected":false},"author":0,"featured_media":0,"parent":0,"menu_order":0,"comment_status":"closed","ping_status":"closed","template":"","meta":{"footnotes":""},"class_list":["post-698","page","type-page","status-publish","hentry"],"_links":{"self":[{"href":"https:\/\/pure-cocktails.de\/fr\/wp-json\/wp\/v2\/pages\/698","targetHints":{"allow":["GET"]}}],"collection":[{"href":"https:\/\/pure-cocktails.de\/fr\/wp-json\/wp\/v2\/pages"}],"about":[{"href":"https:\/\/pure-cocktails.de\/fr\/wp-json\/wp\/v2\/types\/page"}],"replies":[{"embeddable":true,"href":"https:\/\/pure-cocktails.de\/fr\/wp-json\/wp\/v2\/comments?post=698"}],"version-history":[{"count":0,"href":"https:\/\/pure-cocktails.de\/fr\/wp-json\/wp\/v2\/pages\/698\/revisions"}],"wp:attachment":[{"href":"https:\/\/pure-cocktails.de\/fr\/wp-json\/wp\/v2\/media?parent=698"}],"curies":[{"name":"wp","href":"https:\/\/api.w.org\/{rel}","templated":true}]}}