{"id":798,"date":"2024-12-29T03:24:15","date_gmt":"2024-12-29T02:24:15","guid":{"rendered":"https:\/\/pure-cocktails.de\/?page_id=798"},"modified":"2024-12-29T03:35:40","modified_gmt":"2024-12-29T02:35:40","slug":"team","status":"publish","type":"page","link":"https:\/\/pure-cocktails.de\/fr\/team\/","title":{"rendered":"\u00c9quipe"},"content":{"rendered":"<div data-elementor-type=\"wp-page\" data-elementor-id=\"798\" class=\"elementor elementor-798\">\n\t\t\t\t<div class=\"elementor-element elementor-element-6xbis753 twbb_section e-flex e-con-boxed e-con e-parent\" data-id=\"6xbis753\" data-element_type=\"container\" id=\"meet-our-team\" data-settings=\"{&quot;background_background&quot;:&quot;classic&quot;}\">\n\t\t\t\t\t<div class=\"e-con-inner\">\n\t\t\t\t<div class=\"elementor-element elementor-element-3eby1tiu elementor-widget__width-initial elementor-widget-mobile__width-inherit elementor-widget-tablet__width-initial elementor-invisible elementor-widget elementor-widget-heading\" data-id=\"3eby1tiu\" data-element_type=\"widget\" data-settings=\"{&quot;_animation&quot;:&quot;fadeInUp&quot;}\" data-widget_type=\"heading.default\">\n\t\t\t\t<div class=\"elementor-widget-container\">\n\t\t\t\t\t<h2 class=\"elementor-heading-title elementor-size-default\">Notre \u00e9quipe<\/h2>\t\t\t\t<\/div>\n\t\t\t\t<\/div>\n\t\t\t\t<div class=\"elementor-element elementor-element-8gus8r6b elementor-widget__width-initial elementor-widget-mobile__width-inherit elementor-widget-tablet__width-initial elementor-invisible elementor-widget elementor-widget-text-editor\" data-id=\"8gus8r6b\" data-element_type=\"widget\" data-settings=\"{&quot;_animation&quot;:&quot;fadeInUp&quot;}\" data-widget_type=\"text-editor.default\">\n\t\t\t\t<div class=\"elementor-widget-container\">\n\t\t\t\t\t\t\t\t\t<p>PURE Cocktails se compose d'une petite \u00e9quipe de barmen talentueux<\/p>\t\t\t\t\t\t\t\t<\/div>\n\t\t\t\t<\/div>\n\t\t<div class=\"elementor-element elementor-element-qacb04jl e-con-full e-grid e-con e-child\" data-id=\"qacb04jl\" data-element_type=\"container\">\n\t\t<div class=\"elementor-element elementor-element-29qgh30s e-con-full e-flex e-con e-child\" data-id=\"29qgh30s\" data-element_type=\"container\">\n\t\t\t\t<div class=\"elementor-element elementor-element-bpl7zwwx elementor-widget__width-initial elementor-widget-mobile__width-inherit elementor-widget-tablet__width-initial elementor-widget elementor-widget-image\" data-id=\"bpl7zwwx\" data-element_type=\"widget\" data-widget_type=\"image.default\">\n\t\t\t\t<div class=\"elementor-widget-container\">\n\t\t\t\t\t\t\t\t\t\t\t\t\t\t\t<img fetchpriority=\"high\" decoding=\"async\" width=\"955\" height=\"955\" src=\"https:\/\/pure-cocktails.de\/wp-content\/uploads\/2024\/12\/Mario-Janzen.jpg\" class=\"attachment-full size-full wp-image-808\" alt=\"Mario Janzen\" srcset=\"https:\/\/pure-cocktails.de\/wp-content\/uploads\/2024\/12\/Mario-Janzen.jpg 955w, https:\/\/pure-cocktails.de\/wp-content\/uploads\/2024\/12\/Mario-Janzen-300x300.jpg 300w, https:\/\/pure-cocktails.de\/wp-content\/uploads\/2024\/12\/Mario-Janzen-150x150.jpg 150w, https:\/\/pure-cocktails.de\/wp-content\/uploads\/2024\/12\/Mario-Janzen-768x768.jpg 768w, https:\/\/pure-cocktails.de\/wp-content\/uploads\/2024\/12\/Mario-Janzen-600x600.jpg 600w\" sizes=\"(max-width: 955px) 100vw, 955px\" \/>\t\t\t\t\t\t\t\t\t\t\t\t\t\t\t<\/div>\n\t\t\t\t<\/div>\n\t\t\t\t<div class=\"elementor-element elementor-element-zpmypnwn elementor-widget__width-initial elementor-widget-mobile__width-inherit elementor-widget-tablet__width-initial elementor-invisible elementor-widget elementor-widget-heading\" data-id=\"zpmypnwn\" data-element_type=\"widget\" data-settings=\"{&quot;_animation&quot;:&quot;fadeInUp&quot;}\" data-widget_type=\"heading.default\">\n\t\t\t\t<div class=\"elementor-widget-container\">\n\t\t\t\t\t<h5 class=\"elementor-heading-title elementor-size-default\">Mario Janzen<\/h5>\t\t\t\t<\/div>\n\t\t\t\t<\/div>\n\t\t\t\t<div class=\"elementor-element elementor-element-1kath9an elementor-widget__width-initial elementor-widget-mobile__width-inherit elementor-widget-tablet__width-initial elementor-invisible elementor-widget elementor-widget-text-editor\" data-id=\"1kath9an\" data-element_type=\"widget\" data-settings=\"{&quot;_animation&quot;:&quot;fadeInUp&quot;}\" data-widget_type=\"text-editor.default\">\n\t\t\t\t<div class=\"elementor-widget-container\">\n\t\t\t\t\t\t\t\t\t<p>PDG et barman<\/p>\t\t\t\t\t\t\t\t<\/div>\n\t\t\t\t<\/div>\n\t\t\t\t<div class=\"elementor-element elementor-element-ygqdwakw elementor-widget__width-initial elementor-widget-mobile__width-inherit elementor-widget-tablet__width-initial elementor-invisible elementor-widget elementor-widget-text-editor\" data-id=\"ygqdwakw\" data-element_type=\"widget\" data-settings=\"{&quot;_animation&quot;:&quot;fadeInUp&quot;}\" data-widget_type=\"text-editor.default\">\n\t\t\t\t<div class=\"elementor-widget-container\">\n\t\t\t\t\t\t\t\t\t<p>Mario a fond\u00e9 PURE il y a 20 ans et il est toujours l\u00e0 pour ses h\u00f4tes.<\/p>\t\t\t\t\t\t\t\t<\/div>\n\t\t\t\t<\/div>\n\t\t\t\t<\/div>\n\t\t<div class=\"elementor-element elementor-element-emjyc2lt e-con-full e-flex e-con e-child\" data-id=\"emjyc2lt\" data-element_type=\"container\">\n\t\t\t\t<div class=\"elementor-element elementor-element-rmbw80vs elementor-widget__width-initial elementor-widget-mobile__width-inherit elementor-widget-tablet__width-initial elementor-widget elementor-widget-image\" data-id=\"rmbw80vs\" data-element_type=\"widget\" data-widget_type=\"image.default\">\n\t\t\t\t<div class=\"elementor-widget-container\">\n\t\t\t\t\t\t\t\t\t\t\t\t\t\t\t<img decoding=\"async\" width=\"955\" height=\"955\" src=\"https:\/\/pure-cocktails.de\/wp-content\/uploads\/2024\/12\/Renee-Hoffmann.jpg\" class=\"attachment-full size-full wp-image-809\" alt=\"Renee Hoffmann\" srcset=\"https:\/\/pure-cocktails.de\/wp-content\/uploads\/2024\/12\/Renee-Hoffmann.jpg 955w, https:\/\/pure-cocktails.de\/wp-content\/uploads\/2024\/12\/Renee-Hoffmann-300x300.jpg 300w, https:\/\/pure-cocktails.de\/wp-content\/uploads\/2024\/12\/Renee-Hoffmann-150x150.jpg 150w, https:\/\/pure-cocktails.de\/wp-content\/uploads\/2024\/12\/Renee-Hoffmann-768x768.jpg 768w, https:\/\/pure-cocktails.de\/wp-content\/uploads\/2024\/12\/Renee-Hoffmann-600x600.jpg 600w\" sizes=\"(max-width: 955px) 100vw, 955px\" \/>\t\t\t\t\t\t\t\t\t\t\t\t\t\t\t<\/div>\n\t\t\t\t<\/div>\n\t\t\t\t<div class=\"elementor-element elementor-element-1pvj4kjn elementor-widget__width-initial elementor-widget-mobile__width-inherit elementor-widget-tablet__width-initial elementor-invisible elementor-widget elementor-widget-heading\" data-id=\"1pvj4kjn\" data-element_type=\"widget\" data-settings=\"{&quot;_animation&quot;:&quot;fadeInUp&quot;}\" data-widget_type=\"heading.default\">\n\t\t\t\t<div class=\"elementor-widget-container\">\n\t\t\t\t\t<h5 class=\"elementor-heading-title elementor-size-default\">Ren\u00e9e Hoffmann<\/h5>\t\t\t\t<\/div>\n\t\t\t\t<\/div>\n\t\t\t\t<div class=\"elementor-element elementor-element-7z4ivl92 elementor-widget__width-initial elementor-widget-mobile__width-inherit elementor-widget-tablet__width-initial elementor-invisible elementor-widget elementor-widget-text-editor\" data-id=\"7z4ivl92\" data-element_type=\"widget\" data-settings=\"{&quot;_animation&quot;:&quot;fadeInUp&quot;}\" data-widget_type=\"text-editor.default\">\n\t\t\t\t<div class=\"elementor-widget-container\">\n\t\t\t\t\t\t\t\t\t<p>Sp\u00e9cialiste du cocktail<\/p>\t\t\t\t\t\t\t\t<\/div>\n\t\t\t\t<\/div>\n\t\t\t\t<div class=\"elementor-element elementor-element-22wogqts elementor-widget__width-initial elementor-widget-mobile__width-inherit elementor-widget-tablet__width-initial elementor-invisible elementor-widget elementor-widget-text-editor\" data-id=\"22wogqts\" data-element_type=\"widget\" data-settings=\"{&quot;_animation&quot;:&quot;fadeInUp&quot;}\" data-widget_type=\"text-editor.default\">\n\t\t\t\t<div class=\"elementor-widget-container\">\n\t\t\t\t\t\t\t\t\t<p>Ren\u00e9e est l\u00e0 depuis 8 ans et ne soutient pas seulement l'\u00e9quipe derri\u00e8re le bar.<\/p>\t\t\t\t\t\t\t\t<\/div>\n\t\t\t\t<\/div>\n\t\t\t\t<\/div>\n\t\t<div class=\"elementor-element elementor-element-j5h1rsuz e-con-full e-flex e-con e-child\" data-id=\"j5h1rsuz\" data-element_type=\"container\">\n\t\t\t\t<div class=\"elementor-element elementor-element-5pymsjga elementor-widget__width-initial elementor-widget-mobile__width-inherit elementor-widget-tablet__width-initial elementor-widget elementor-widget-image\" data-id=\"5pymsjga\" data-element_type=\"widget\" data-widget_type=\"image.default\">\n\t\t\t\t<div class=\"elementor-widget-container\">\n\t\t\t\t\t\t\t\t\t\t\t\t\t\t\t<img decoding=\"async\" width=\"955\" height=\"955\" src=\"https:\/\/pure-cocktails.de\/wp-content\/uploads\/2024\/12\/Maurice-Hoffmann.jpg\" class=\"attachment-full size-full wp-image-815\" alt=\"\" srcset=\"https:\/\/pure-cocktails.de\/wp-content\/uploads\/2024\/12\/Maurice-Hoffmann.jpg 955w, https:\/\/pure-cocktails.de\/wp-content\/uploads\/2024\/12\/Maurice-Hoffmann-300x300.jpg 300w, https:\/\/pure-cocktails.de\/wp-content\/uploads\/2024\/12\/Maurice-Hoffmann-150x150.jpg 150w, https:\/\/pure-cocktails.de\/wp-content\/uploads\/2024\/12\/Maurice-Hoffmann-768x768.jpg 768w, https:\/\/pure-cocktails.de\/wp-content\/uploads\/2024\/12\/Maurice-Hoffmann-600x600.jpg 600w\" sizes=\"(max-width: 955px) 100vw, 955px\" \/>\t\t\t\t\t\t\t\t\t\t\t\t\t\t\t<\/div>\n\t\t\t\t<\/div>\n\t\t\t\t<div class=\"elementor-element elementor-element-h838b5t3 elementor-widget__width-initial elementor-widget-mobile__width-inherit elementor-widget-tablet__width-initial elementor-invisible elementor-widget elementor-widget-heading\" data-id=\"h838b5t3\" data-element_type=\"widget\" data-settings=\"{&quot;_animation&quot;:&quot;fadeInUp&quot;}\" data-widget_type=\"heading.default\">\n\t\t\t\t<div class=\"elementor-widget-container\">\n\t\t\t\t\t<h5 class=\"elementor-heading-title elementor-size-default\">Maurice Hoffmann<\/h5>\t\t\t\t<\/div>\n\t\t\t\t<\/div>\n\t\t\t\t<div class=\"elementor-element elementor-element-e6f1v7w2 elementor-widget__width-initial elementor-widget-mobile__width-inherit elementor-widget-tablet__width-initial elementor-invisible elementor-widget elementor-widget-text-editor\" data-id=\"e6f1v7w2\" data-element_type=\"widget\" data-settings=\"{&quot;_animation&quot;:&quot;fadeInUp&quot;}\" data-widget_type=\"text-editor.default\">\n\t\t\t\t<div class=\"elementor-widget-container\">\n\t\t\t\t\t\t\t\t\t<p>Sp\u00e9cialiste du cocktail<\/p>\t\t\t\t\t\t\t\t<\/div>\n\t\t\t\t<\/div>\n\t\t\t\t<div class=\"elementor-element elementor-element-jf0ynazu elementor-widget__width-initial elementor-widget-mobile__width-inherit elementor-widget-tablet__width-initial elementor-invisible elementor-widget elementor-widget-text-editor\" data-id=\"jf0ynazu\" data-element_type=\"widget\" data-settings=\"{&quot;_animation&quot;:&quot;fadeInUp&quot;}\" data-widget_type=\"text-editor.default\">\n\t\t\t\t<div class=\"elementor-widget-container\">\n\t\t\t\t\t\t\t\t\t<p>Maurice a de multiples talents : il brille derri\u00e8re le bar et soutient l'\u00e9quipe dans la logistique.<\/p>\t\t\t\t\t\t\t\t<\/div>\n\t\t\t\t<\/div>\n\t\t\t\t<\/div>\n\t\t<div class=\"elementor-element elementor-element-8ldtilh8 e-con-full e-flex e-con e-child\" data-id=\"8ldtilh8\" data-element_type=\"container\">\n\t\t\t\t<\/div>\n\t\t<div class=\"elementor-element elementor-element-0u91yzvl e-con-full e-flex e-con e-child\" data-id=\"0u91yzvl\" data-element_type=\"container\">\n\t\t\t\t<\/div>\n\t\t<div class=\"elementor-element elementor-element-k5q4k96i e-con-full e-flex e-con e-child\" data-id=\"k5q4k96i\" data-element_type=\"container\">\n\t\t\t\t<\/div>\n\t\t<div class=\"elementor-element elementor-element-bmu2mru9 e-con-full e-flex e-con e-child\" data-id=\"bmu2mru9\" data-element_type=\"container\">\n\t\t\t\t<\/div>\n\t\t<div class=\"elementor-element elementor-element-pbs9f6ow e-con-full e-flex e-con e-child\" data-id=\"pbs9f6ow\" data-element_type=\"container\">\n\t\t\t\t<\/div>\n\t\t\t\t<\/div>\n\t\t\t\t\t<\/div>\n\t\t\t\t<\/div>\n\t\t\t\t<\/div>","protected":false},"excerpt":{"rendered":"<p>Notre \u00e9quipe PURE Cocktails se compose d'une petite \u00e9quipe de barmen talentueux Mario Janzen CEO et barman Mario a fond\u00e9 PURE il y a 20 ans et est toujours l\u00e0 pour ses clients. Ren\u00e9e Hoffmann Cocktail Specialist Ren\u00e9e fait partie de l'\u00e9quipe depuis 8 ans et ne se contente pas de la soutenir derri\u00e8re le bar. Maurice Hoffmann Cocktail Specialist [...]<\/p>","protected":false},"author":0,"featured_media":0,"parent":0,"menu_order":0,"comment_status":"closed","ping_status":"draft","template":"","meta":{"footnotes":""},"class_list":["post-798","page","type-page","status-publish","hentry"],"_links":{"self":[{"href":"https:\/\/pure-cocktails.de\/fr\/wp-json\/wp\/v2\/pages\/798","targetHints":{"allow":["GET"]}}],"collection":[{"href":"https:\/\/pure-cocktails.de\/fr\/wp-json\/wp\/v2\/pages"}],"about":[{"href":"https:\/\/pure-cocktails.de\/fr\/wp-json\/wp\/v2\/types\/page"}],"replies":[{"embeddable":true,"href":"https:\/\/pure-cocktails.de\/fr\/wp-json\/wp\/v2\/comments?post=798"}],"version-history":[{"count":0,"href":"https:\/\/pure-cocktails.de\/fr\/wp-json\/wp\/v2\/pages\/798\/revisions"}],"wp:attachment":[{"href":"https:\/\/pure-cocktails.de\/fr\/wp-json\/wp\/v2\/media?parent=798"}],"curies":[{"name":"wp","href":"https:\/\/api.w.org\/{rel}","templated":true}]}}